{"id":1795,"date":"2017-09-25T21:02:18","date_gmt":"2017-09-25T21:02:18","guid":{"rendered":"http:\/\/www.cjfbadminton-stmalo.com\/?page_id=1795"},"modified":"2025-10-14T16:55:02","modified_gmt":"2025-10-14T16:55:02","slug":"bienvenue","status":"publish","type":"page","link":"http:\/\/www.cjfbadminton-stmalo.com\/","title":{"rendered":"Bienvenue !"},"content":{"rendered":"<h2 class=\"display-posts-title\">News<\/h2>\n<div class=\"display-posts-listing\"><div class=\"listing-item\"><a class=\"image\" href=\"http:\/\/www.cjfbadminton-stmalo.com\/?p=3153\"><img loading=\"lazy\" decoding=\"async\" width=\"300\" height=\"300\" src=\"http:\/\/www.cjfbadminton-stmalo.com\/wp-content\/uploads\/1000039709-300x300.jpg\" class=\"attachment-thumbnail size-thumbnail wp-post-image\" alt=\"\" \/><\/a> <a class=\"title\" href=\"http:\/\/www.cjfbadminton-stmalo.com\/?p=3153\">J4 et J5 IC Mixte D5<\/a> <span class=\"excerpt-dash\">-<\/span> <span class=\"excerpt\">Belle semaine pour l'\u00e9quipe de\u2026 <a class=\"excerpt-more\" href=\"http:\/\/www.cjfbadminton-stmalo.com\/?p=3153\">Voir plus<\/a><\/span><\/div><div class=\"listing-item\"><a class=\"image\" href=\"http:\/\/www.cjfbadminton-stmalo.com\/?p=3149\"><img loading=\"lazy\" decoding=\"async\" width=\"300\" height=\"300\" src=\"http:\/\/www.cjfbadminton-stmalo.com\/wp-content\/uploads\/apres-match-300x300.jpg\" class=\"attachment-thumbnail size-thumbnail wp-post-image\" alt=\"\" \/><\/a> <a class=\"title\" href=\"http:\/\/www.cjfbadminton-stmalo.com\/?p=3149\">J4 &#8211; IC Hommes<\/a> <span class=\"excerpt-dash\">-<\/span> <span class=\"excerpt\">Quatri\u00e8me journ\u00e9e de championnat pour\u2026 <a class=\"excerpt-more\" href=\"http:\/\/www.cjfbadminton-stmalo.com\/?p=3149\">Voir plus<\/a><\/span><\/div><div class=\"listing-item\"><a class=\"image\" href=\"http:\/\/www.cjfbadminton-stmalo.com\/?p=3140\"><img loading=\"lazy\" decoding=\"async\" width=\"300\" height=\"300\" src=\"http:\/\/www.cjfbadminton-stmalo.com\/wp-content\/uploads\/loisirs1-300x300.jpeg\" class=\"attachment-thumbnail size-thumbnail wp-post-image\" alt=\"\" \/><\/a> <a class=\"title\" href=\"http:\/\/www.cjfbadminton-stmalo.com\/?p=3140\">Breizhminton cup &#8211; J3<\/a> <span class=\"excerpt-dash\">-<\/span> <span class=\"excerpt\">Pour la 3\u00e8me journ\u00e9e de\u2026 <a class=\"excerpt-more\" href=\"http:\/\/www.cjfbadminton-stmalo.com\/?p=3140\">Voir plus<\/a><\/span><\/div><\/div>\n<p>&nbsp;<\/p>\n<p>&nbsp;<\/p>\n<h2>Ne bougez plus ! Vous \u00eates au bon endroit<a href=\"http:\/\/www.cjfbadminton-stmalo.com\/wp-content\/uploads\/Raquette-sourire-Black.jpg\"><br \/>\n<img loading=\"lazy\" decoding=\"async\" class=\"aligncenter size-full wp-image-1826\" src=\"http:\/\/www.cjfbadminton-stmalo.com\/wp-content\/uploads\/Raquette-sourire-Black.jpg\" alt=\"Bienvenue au CJF Badminton Saint-Malo\" width=\"768\" height=\"452\" srcset=\"http:\/\/www.cjfbadminton-stmalo.com\/wp-content\/uploads\/Raquette-sourire-Black.jpg 768w, http:\/\/www.cjfbadminton-stmalo.com\/wp-content\/uploads\/Raquette-sourire-Black-300x177.jpg 300w\" sizes=\"auto, (max-width: 768px) 100vw, 768px\" \/><\/a><\/h2>\n<p>Vous recherchez un club convivial dans lequel vous pourrez pratiquer le badminton en loisir ou en mode comp\u00e9tition, et qui vous permette de vous d\u00e9fouler dans la joie et la bonne humeur &#8230; sans vous prendre la t\u00eate ?! Nous sommes le club qu&rsquo;il vous faut !<\/p>\n<ul>\n<li>Pour tout savoir sur <a href=\"http:\/\/www.cjfbadminton-stmalo.com\/?page_id=2\">nos cr\u00e9neaux<\/a> de pratique &#8230;<\/li>\n<li>D\u00e9couvrez <a href=\"http:\/\/www.cjfbadminton-stmalo.com\/?page_id=4\">nos \u00e9quipes<\/a> en championnat&nbsp;<\/li>\n<li>Retrouvez tous les&nbsp;<a href=\"http:\/\/www.cjfbadminton-stmalo.com\/?page_id=47\">tournois de la saison<\/a> &#8230;<\/li>\n<li>Notre <a href=\"http:\/\/www.cjfbadminton-stmalo.com\/?page_id=1910\">Tournoi des Corsaires<\/a>&nbsp;<\/li>\n<\/ul>\n<h2>Notre ambiance en images &#8230;<\/h2>\n<p>&nbsp;<\/p>\n<p>&nbsp;<\/p>\nngg_shortcode_0_placeholder\n","protected":false},"excerpt":{"rendered":"<p>&nbsp; &nbsp; Ne bougez plus ! Vous \u00eates au bon endroit Vous recherchez un club convivial dans lequel vous pourrez pratiquer le badminton en loisir ou en mode comp\u00e9tition, et qui vous permette de vous d\u00e9fouler dans la joie et la bonne humeur &#8230; sans vous prendre la t\u00eate ?! Nous sommes le club qu&rsquo;il &hellip; <a href=\"http:\/\/www.cjfbadminton-stmalo.com\/?p=3140\" class=\"more-link\">Continuer la lecture de <span class=\"screen-reader-text\">Breizhminton cup &#8211; J3<\/span> <span class=\"meta-nav\">&rarr;<\/span><\/a><\/p>\n","protected":false},"author":2,"featured_media":0,"parent":0,"menu_order":1,"comment_status":"closed","ping_status":"closed","template":"","meta":{"ngg_post_thumbnail":0,"footnotes":""},"class_list":["post-1795","page","type-page","status-publish","hentry"],"_links":{"self":[{"href":"http:\/\/www.cjfbadminton-stmalo.com\/index.php?rest_route=\/wp\/v2\/pages\/1795","targetHints":{"allow":["GET"]}}],"collection":[{"href":"http:\/\/www.cjfbadminton-stmalo.com\/index.php?rest_route=\/wp\/v2\/pages"}],"about":[{"href":"http:\/\/www.cjfbadminton-stmalo.com\/index.php?rest_route=\/wp\/v2\/types\/page"}],"author":[{"embeddable":true,"href":"http:\/\/www.cjfbadminton-stmalo.com\/index.php?rest_route=\/wp\/v2\/users\/2"}],"replies":[{"embeddable":true,"href":"http:\/\/www.cjfbadminton-stmalo.com\/index.php?rest_route=%2Fwp%2Fv2%2Fcomments&post=1795"}],"version-history":[{"count":42,"href":"http:\/\/www.cjfbadminton-stmalo.com\/index.php?rest_route=\/wp\/v2\/pages\/1795\/revisions"}],"predecessor-version":[{"id":3019,"href":"http:\/\/www.cjfbadminton-stmalo.com\/index.php?rest_route=\/wp\/v2\/pages\/1795\/revisions\/3019"}],"wp:attachment":[{"href":"http:\/\/www.cjfbadminton-stmalo.com\/index.php?rest_route=%2Fwp%2Fv2%2Fmedia&parent=1795"}],"curies":[{"name":"wp","href":"https:\/\/api.w.org\/{rel}","templated":true}]}}