{"id":2039,"date":"2017-11-05T20:33:58","date_gmt":"2017-11-05T20:33:58","guid":{"rendered":"http:\/\/www.cjfbadminton-stmalo.com\/?page_id=2039"},"modified":"2024-09-02T09:32:26","modified_gmt":"2024-09-02T09:32:26","slug":"creneaux","status":"publish","type":"page","link":"http:\/\/www.cjfbadminton-stmalo.com\/?page_id=2039","title":{"rendered":"Cr\u00e9neaux Adultes"},"content":{"rendered":"<h2>Nos cr\u00e9neaux Adultes :<\/h2>\n<h3><strong>Les entra\u00eenements<\/strong> ont lieu :<\/h3>\n<h4><strong style=\"font-family: 'Source Sans Pro', Helvetica, sans-serif; font-size: 16px;\">Au <a href=\"https:\/\/www.google.fr\/maps\/place\/5+Rue+Henri+Lemarie,+35400+Saint-Malo\/@48.6561999,-1.9782964,17z\/data=!3m1!4b1!4m6!3m5!1s0x480e83c9ec8164db:0x9866975e7444325b!8m2!3d48.6561908!4d-1.9732321!16s%2Fg%2F11b8vcxwtd?entry=ttu\" target=\"_blank\" rel=\"noopener\">Complexe Sportif Duguay Trouin<\/a><\/strong><span style=\"font-family: 'Source Sans Pro', Helvetica, sans-serif; font-size: 16px;\">&nbsp;(5&nbsp;<\/span><em style=\"font-family: 'Source Sans Pro', Helvetica, sans-serif; font-size: 16px;\">Rue Henri Lemari\u00e9 \u00e0 Saint Malo 35400<\/em><span style=\"font-family: 'Source Sans Pro', Helvetica, sans-serif; font-size: 16px;\">)<\/span><\/h4>\n<ul>\n<li><strong>Lundi : 20H \u2013 22H :<\/strong> entra\u00eenement loisirs, encadr\u00e9 par un b\u00e9n\u00e9vole du club.<\/li>\n<li><strong>Mercredi : 20H15\u2013 22 H 30 :<\/strong> Entra\u00eenement tous niveaux (entra\u00eenement dirig\u00e9 pendant 1H, puis jeu libre)<\/li>\n<li><strong>Jeudi : 20H &#8211; 22H :<\/strong>&nbsp;Jeu libre.&nbsp;<\/li>\n<\/ul>\n<p><img loading=\"lazy\" decoding=\"async\" class=\"wp-image-2834 aligncenter\" src=\"http:\/\/www.cjfbadminton-stmalo.com\/wp-content\/uploads\/PANO_20231130_214609-1-300x116.jpg\" alt=\"\" width=\"378\" height=\"146\" srcset=\"http:\/\/www.cjfbadminton-stmalo.com\/wp-content\/uploads\/PANO_20231130_214609-1-300x116.jpg 300w, http:\/\/www.cjfbadminton-stmalo.com\/wp-content\/uploads\/PANO_20231130_214609-1-768x297.jpg 768w, http:\/\/www.cjfbadminton-stmalo.com\/wp-content\/uploads\/PANO_20231130_214609-1-1024x396.jpg 1024w\" sizes=\"auto, (max-width: 378px) 100vw, 378px\" \/><\/p>\n<blockquote><p><img loading=\"lazy\" decoding=\"async\" class=\"size-medium wp-image-2833 aligncenter\" src=\"http:\/\/www.cjfbadminton-stmalo.com\/wp-content\/uploads\/IMG_20231130_214454-300x225.jpg\" alt=\"\" width=\"300\" height=\"225\" srcset=\"http:\/\/www.cjfbadminton-stmalo.com\/wp-content\/uploads\/IMG_20231130_214454-300x225.jpg 300w, http:\/\/www.cjfbadminton-stmalo.com\/wp-content\/uploads\/IMG_20231130_214454-768x576.jpg 768w, http:\/\/www.cjfbadminton-stmalo.com\/wp-content\/uploads\/IMG_20231130_214454-1024x768.jpg 1024w\" sizes=\"auto, (max-width: 300px) 100vw, 300px\" \/><\/p><\/blockquote>\n<h3>&nbsp;<\/h3>\n<h3>&nbsp;<\/h3>\n<h4><strong>A la <\/strong><a href=\"https:\/\/www.google.com\/maps\/d\/viewer?mid=12k8zLG63wpixnJIM3tRXXYkNURE&amp;hl=en_US&amp;ll=48.658030608897114%2C-1.9788905925903464&amp;z=17\" target=\"_blank\" rel=\"noopener\"><strong>salle du Panier Fleuri<\/strong> <\/a>(9 Bis&nbsp;<em>Rue de Bonneville \u00e0 Saint Malo<\/em>)<\/h4>\n<ul>\n<li><strong>Mardi : 20H &#8211; 22H30 :<\/strong> Entrainement r\u00e9serv\u00e9 aux <strong>comp\u00e9titeurs<\/strong><a href=\"http:\/\/www.cjfbadminton-stmalo.com\/wp-content\/uploads\/IMG_0873.jpg\"><br \/>\n<\/a><\/li>\n<\/ul>\n<p><a href=\"http:\/\/www.cjfbadminton-stmalo.com\/wp-content\/uploads\/IMG_0873.jpg\"><br \/>\n<img loading=\"lazy\" decoding=\"async\" class=\"aligncenter size-large wp-image-1854\" src=\"http:\/\/www.cjfbadminton-stmalo.com\/wp-content\/uploads\/IMG_0873-1024x310.jpg\" alt=\"\" width=\"604\" height=\"183\" srcset=\"http:\/\/www.cjfbadminton-stmalo.com\/wp-content\/uploads\/IMG_0873-1024x310.jpg 1024w, http:\/\/www.cjfbadminton-stmalo.com\/wp-content\/uploads\/IMG_0873-300x91.jpg 300w, http:\/\/www.cjfbadminton-stmalo.com\/wp-content\/uploads\/IMG_0873-768x232.jpg 768w\" sizes=\"auto, (max-width: 604px) 100vw, 604px\" \/><\/a><\/p>\n<h2>&nbsp;<\/h2>\n","protected":false},"excerpt":{"rendered":"<p>Nos cr\u00e9neaux Adultes : Les entra\u00eenements ont lieu : Au Complexe Sportif Duguay Trouin&nbsp;(5&nbsp;Rue Henri Lemari\u00e9 \u00e0 Saint Malo 35400) Lundi : 20H \u2013 22H : entra\u00eenement loisirs, encadr\u00e9 par un b\u00e9n\u00e9vole du club. Mercredi : 20H15\u2013 22 H 30 : Entra\u00eenement tous niveaux (entra\u00eenement dirig\u00e9 pendant 1H, puis jeu libre) Jeudi : 20H &#8211; &hellip; <a href=\"http:\/\/www.cjfbadminton-stmalo.com\/?page_id=2039\" class=\"more-link\">Continuer la lecture de <span class=\"screen-reader-text\">Cr\u00e9neaux Adultes<\/span> <span class=\"meta-nav\">&rarr;<\/span><\/a><\/p>\n","protected":false},"author":2,"featured_media":0,"parent":2,"menu_order":0,"comment_status":"closed","ping_status":"closed","template":"","meta":{"ngg_post_thumbnail":0,"footnotes":""},"class_list":["post-2039","page","type-page","status-publish","hentry"],"_links":{"self":[{"href":"http:\/\/www.cjfbadminton-stmalo.com\/index.php?rest_route=\/wp\/v2\/pages\/2039","targetHints":{"allow":["GET"]}}],"collection":[{"href":"http:\/\/www.cjfbadminton-stmalo.com\/index.php?rest_route=\/wp\/v2\/pages"}],"about":[{"href":"http:\/\/www.cjfbadminton-stmalo.com\/index.php?rest_route=\/wp\/v2\/types\/page"}],"author":[{"embeddable":true,"href":"http:\/\/www.cjfbadminton-stmalo.com\/index.php?rest_route=\/wp\/v2\/users\/2"}],"replies":[{"embeddable":true,"href":"http:\/\/www.cjfbadminton-stmalo.com\/index.php?rest_route=%2Fwp%2Fv2%2Fcomments&post=2039"}],"version-history":[{"count":11,"href":"http:\/\/www.cjfbadminton-stmalo.com\/index.php?rest_route=\/wp\/v2\/pages\/2039\/revisions"}],"predecessor-version":[{"id":2850,"href":"http:\/\/www.cjfbadminton-stmalo.com\/index.php?rest_route=\/wp\/v2\/pages\/2039\/revisions\/2850"}],"up":[{"embeddable":true,"href":"http:\/\/www.cjfbadminton-stmalo.com\/index.php?rest_route=\/wp\/v2\/pages\/2"}],"wp:attachment":[{"href":"http:\/\/www.cjfbadminton-stmalo.com\/index.php?rest_route=%2Fwp%2Fv2%2Fmedia&parent=2039"}],"curies":[{"name":"wp","href":"https:\/\/api.w.org\/{rel}","templated":true}]}}