{"id":2046,"date":"2017-11-05T20:40:55","date_gmt":"2017-11-05T20:40:55","guid":{"rendered":"http:\/\/www.cjfbadminton-stmalo.com\/?page_id=2046"},"modified":"2025-09-07T17:39:58","modified_gmt":"2025-09-07T17:39:58","slug":"inscriptions","status":"publish","type":"page","link":"http:\/\/www.cjfbadminton-stmalo.com\/?page_id=2046","title":{"rendered":"Inscriptions"},"content":{"rendered":"<p><strong>Pour votre inscription, merci de la confirmer, au plus tard lors de votre&nbsp; 3\u00e8me s\u00e9ance :<\/strong><\/p>\n<h3><strong>Petit Rappel !&nbsp;<\/strong>Inscription&nbsp;&nbsp;en ligne !!<\/h3>\n<h2><strong>Tu \u00e9tais d\u00e9j\u00e0 licenci\u00e9 au CJF la saison pass\u00e9e :&nbsp;<\/strong><\/h2>\n<p>C&rsquo;est par ici pour le renouvellement de ton inscription :&nbsp; <a href=\"https:\/\/www.myffbad.fr\/connexion\" target=\"_blank\" rel=\"noopener\">espace licenci\u00e9 ffbad<\/a><\/p>\n<ul>\n<li>La cotisation Adulte (Comp\u00e9titeurs): <strong>130\u20ac<\/strong> (pour la saison 2025\/2026)<\/li>\n<li>La cotisation Adulte (LOISIRS): <strong>120\u20ac<\/strong> (pour la saison 2025\/2026)<\/li>\n<li>La cotisation Jeune : <strong>90\u20ac<\/strong> (pour la saison 2025\/2026)<\/li>\n<\/ul>\n<p>Tu trouveras ci-apr\u00e8s le certificat m\u00e9dical \u00e0 pr\u00e9senter \u00e0 ton m\u00e9decin si cela fait plus de 3 ans que tu fais du bad :<\/p>\n<ul>\n<li><a href=\"http:\/\/www.cjfbadminton-stmalo.com\/wp-content\/uploads\/FFBaD_-_TOUS_CERTIFICAT_MEDICAL_NON_CONTRE-INDICATION.pdf\" target=\"_blank\" rel=\"noopener\">&nbsp;Un certificat m\u00e9dical<\/a><\/li>\n<\/ul>\n<h2><strong>Tu viens pour la premi\u00e8re fois au CJF :<\/strong><\/h2>\n<p>alors pour ton adh\u00e9sion c&rsquo;est par ici :<a href=\"https:\/\/adherer.ffbad.club\/CJF35\" target=\"_blank\" rel=\"noopener\"> inscription CJF Badminton<\/a><\/p>\n<ul>\n<li>La cotisation Adulte (Comp\u00e9titeurs): <strong>130\u20ac<\/strong> (pour la saison 2025\/2026)<\/li>\n<li>La cotisation Adulte (LOISIRS): <strong>120\u20ac<\/strong> (pour la saison 2025\/2026)<\/li>\n<li>La cotisation Jeune : <strong>90\u20ac<\/strong> (pour la saison 2025\/2026)<\/li>\n<\/ul>\n<p>&nbsp;<\/p>\n<ul>\n<li>Tu trouveras ci-apr\u00e8s le certificat m\u00e9dical \u00e0 pr\u00e9senter \u00e0 ton m\u00e9decin&nbsp;<\/li>\n<\/ul>\n<ul>\n<li><a href=\"http:\/\/www.cjfbadminton-stmalo.com\/wp-content\/uploads\/FFBaD_-_TOUS_CERTIFICAT_MEDICAL_NON_CONTRE-INDICATION.pdf\" target=\"_blank\" rel=\"noopener\">&nbsp;Un certificat m\u00e9dical<\/a><\/li>\n<\/ul>\n<h2>&nbsp;<\/h2>\n<h2><strong>Renseignements<\/strong><\/h2>\n<p>Pour toutes questions\/renseignements, n&rsquo;h\u00e9sitez pas \u00e0 nous contacter&nbsp; via le formulaire :&nbsp;<a href=\"http:\/\/www.cjfbadminton-stmalo.com\/?page_id=7\" target=\"_blank\" rel=\"noopener\"> contact&nbsp;<\/a><\/p>\n<p>OU via notre diff\u00e9rents r\u00e9seaux :&nbsp;<\/p>\n<p><strong><em>FACEBOOK \/ INSTAGRAM<\/em><\/strong> : &nbsp;CJF BADMINTON<\/p>\n<p><strong>A noter :<\/strong> Pour d\u00e9couvrir le badminton et\/ou le club, il est possible de venir \u00e0 2 s\u00e9ances avant de s&rsquo;inscrire. Les inscriptions ne seront effectives qu&rsquo;\u00e0 r\u00e9ception de tous les documents demand\u00e9s, r\u00e8glement compris.&nbsp;<\/p>\n","protected":false},"excerpt":{"rendered":"<p>Pour votre inscription, merci de la confirmer, au plus tard lors de votre&nbsp; 3\u00e8me s\u00e9ance : Petit Rappel !&nbsp;Inscription&nbsp;&nbsp;en ligne !! Tu \u00e9tais d\u00e9j\u00e0 licenci\u00e9 au CJF la saison pass\u00e9e :&nbsp; C&rsquo;est par ici pour le renouvellement de ton inscription :&nbsp; espace licenci\u00e9 ffbad La cotisation Adulte (Comp\u00e9titeurs): 130\u20ac (pour la saison 2025\/2026) La cotisation &hellip; <a href=\"http:\/\/www.cjfbadminton-stmalo.com\/?page_id=2046\" class=\"more-link\">Continuer la lecture de <span class=\"screen-reader-text\">Inscriptions<\/span> <span class=\"meta-nav\">&rarr;<\/span><\/a><\/p>\n","protected":false},"author":2,"featured_media":2920,"parent":2,"menu_order":0,"comment_status":"closed","ping_status":"closed","template":"","meta":{"ngg_post_thumbnail":0,"footnotes":""},"class_list":["post-2046","page","type-page","status-publish","has-post-thumbnail","hentry"],"_links":{"self":[{"href":"http:\/\/www.cjfbadminton-stmalo.com\/index.php?rest_route=\/wp\/v2\/pages\/2046","targetHints":{"allow":["GET"]}}],"collection":[{"href":"http:\/\/www.cjfbadminton-stmalo.com\/index.php?rest_route=\/wp\/v2\/pages"}],"about":[{"href":"http:\/\/www.cjfbadminton-stmalo.com\/index.php?rest_route=\/wp\/v2\/types\/page"}],"author":[{"embeddable":true,"href":"http:\/\/www.cjfbadminton-stmalo.com\/index.php?rest_route=\/wp\/v2\/users\/2"}],"replies":[{"embeddable":true,"href":"http:\/\/www.cjfbadminton-stmalo.com\/index.php?rest_route=%2Fwp%2Fv2%2Fcomments&post=2046"}],"version-history":[{"count":52,"href":"http:\/\/www.cjfbadminton-stmalo.com\/index.php?rest_route=\/wp\/v2\/pages\/2046\/revisions"}],"predecessor-version":[{"id":2925,"href":"http:\/\/www.cjfbadminton-stmalo.com\/index.php?rest_route=\/wp\/v2\/pages\/2046\/revisions\/2925"}],"up":[{"embeddable":true,"href":"http:\/\/www.cjfbadminton-stmalo.com\/index.php?rest_route=\/wp\/v2\/pages\/2"}],"wp:featuredmedia":[{"embeddable":true,"href":"http:\/\/www.cjfbadminton-stmalo.com\/index.php?rest_route=\/wp\/v2\/media\/2920"}],"wp:attachment":[{"href":"http:\/\/www.cjfbadminton-stmalo.com\/index.php?rest_route=%2Fwp%2Fv2%2Fmedia&parent=2046"}],"curies":[{"name":"wp","href":"https:\/\/api.w.org\/{rel}","templated":true}]}}