{"id":2358,"date":"2018-08-12T16:13:43","date_gmt":"2018-08-12T16:13:43","guid":{"rendered":"http:\/\/www.cjfbadminton-stmalo.com\/?page_id=2358"},"modified":"2025-09-22T13:27:54","modified_gmt":"2025-09-22T13:27:54","slug":"lequipe-dirigeante","status":"publish","type":"page","link":"http:\/\/www.cjfbadminton-stmalo.com\/?page_id=2358","title":{"rendered":"Le Bureau"},"content":{"rendered":"<h2>Notre bureau pour la saison 2025\/2026<\/h2>\n<ul>\n<li><strong>Pr\u00e9sident<\/strong> : Thomas Puertolas<\/li>\n<li><strong>Secr\u00e9taire<\/strong> : Ga\u00ebl Le Berre<\/li>\n<li><strong>Tr\u00e9sorier<\/strong> : Ludovic Legal<\/li>\n<li><strong>Responsable mat\u00e9riel :&nbsp;<\/strong> Julien Bourriaux<\/li>\n<li><strong>Responsables Ev\u00e8nementiels:<\/strong> Ga\u00eblle Gouchet et Christelle Guio<\/li>\n<li><strong>Capitaine Equipe Mixte 1 :<\/strong> Ga\u00ebl Le Berre<\/li>\n<li><strong>Capitaine Equipe Mixte 2 :<\/strong> Guillaume Meirsman<\/li>\n<li><strong>Capitaine Equipe Mixte 3 : <\/strong>Philippe Couvreur<\/li>\n<li><strong>Capitaine Equipe Homme&nbsp; :<\/strong> Julien Bourriaux<\/li>\n<li><strong>Capitaine Equipe Dames&nbsp; :<\/strong> H\u00e9l\u00e8ne Micheli<\/li>\n<li><strong>Membres actifs:<\/strong> Vincent Vetier, Laura Texier, Elisabeth Becquelin, R\u00e9mi Falchier<\/li>\n<\/ul>\n","protected":false},"excerpt":{"rendered":"<p>Notre bureau pour la saison 2025\/2026 Pr\u00e9sident : Thomas Puertolas Secr\u00e9taire : Ga\u00ebl Le Berre Tr\u00e9sorier : Ludovic Legal Responsable mat\u00e9riel :&nbsp; Julien Bourriaux Responsables Ev\u00e8nementiels: Ga\u00eblle Gouchet et Christelle Guio Capitaine Equipe Mixte 1 : Ga\u00ebl Le Berre Capitaine Equipe Mixte 2 : Guillaume Meirsman Capitaine Equipe Mixte 3 : Philippe Couvreur Capitaine Equipe &hellip; <a href=\"http:\/\/www.cjfbadminton-stmalo.com\/?page_id=2358\" class=\"more-link\">Continuer la lecture de <span class=\"screen-reader-text\">Le Bureau<\/span> <span class=\"meta-nav\">&rarr;<\/span><\/a><\/p>\n","protected":false},"author":2,"featured_media":0,"parent":2,"menu_order":0,"comment_status":"closed","ping_status":"closed","template":"","meta":{"ngg_post_thumbnail":0,"footnotes":""},"class_list":["post-2358","page","type-page","status-publish","hentry"],"_links":{"self":[{"href":"http:\/\/www.cjfbadminton-stmalo.com\/index.php?rest_route=\/wp\/v2\/pages\/2358","targetHints":{"allow":["GET"]}}],"collection":[{"href":"http:\/\/www.cjfbadminton-stmalo.com\/index.php?rest_route=\/wp\/v2\/pages"}],"about":[{"href":"http:\/\/www.cjfbadminton-stmalo.com\/index.php?rest_route=\/wp\/v2\/types\/page"}],"author":[{"embeddable":true,"href":"http:\/\/www.cjfbadminton-stmalo.com\/index.php?rest_route=\/wp\/v2\/users\/2"}],"replies":[{"embeddable":true,"href":"http:\/\/www.cjfbadminton-stmalo.com\/index.php?rest_route=%2Fwp%2Fv2%2Fcomments&post=2358"}],"version-history":[{"count":9,"href":"http:\/\/www.cjfbadminton-stmalo.com\/index.php?rest_route=\/wp\/v2\/pages\/2358\/revisions"}],"predecessor-version":[{"id":2955,"href":"http:\/\/www.cjfbadminton-stmalo.com\/index.php?rest_route=\/wp\/v2\/pages\/2358\/revisions\/2955"}],"up":[{"embeddable":true,"href":"http:\/\/www.cjfbadminton-stmalo.com\/index.php?rest_route=\/wp\/v2\/pages\/2"}],"wp:attachment":[{"href":"http:\/\/www.cjfbadminton-stmalo.com\/index.php?rest_route=%2Fwp%2Fv2%2Fmedia&parent=2358"}],"curies":[{"name":"wp","href":"https:\/\/api.w.org\/{rel}","templated":true}]}}