{"id":4,"date":"2010-10-01T13:26:33","date_gmt":"2010-10-01T13:26:33","guid":{"rendered":"http:\/\/geraldine.gouin.free.fr\/wordpress\/?page_id=4"},"modified":"2025-09-23T07:09:08","modified_gmt":"2025-09-23T07:09:08","slug":"championnat","status":"publish","type":"page","link":"http:\/\/www.cjfbadminton-stmalo.com\/?page_id=4","title":{"rendered":"Championnat"},"content":{"rendered":"<h4>Championnat&nbsp; d\u00e9partemental interclub s\u00e9nior (ICs) &nbsp;:<\/h4>\n<ul>\n<li>En Pr\u00e9- R\u00e9gional (PR35)<\/li>\n<li>En D\u00e9partementale 2<\/li>\n<li>En D\u00e9partementale 5<\/li>\n<\/ul>\n<p>Le championnat se d\u00e9roule de Novembre \u00e0 Mai. On compte en Ille et Vilaine 5 divisions d\u00e9partementales et 1 pr\u00e9-r\u00e9gionale.<\/p>\n<p>Chaque division est compos\u00e9e d&rsquo;au moins deux&nbsp;poules de 10 \u00e9quipes. Chaque \u00e9quipe d&rsquo;une poule se rencontre une seule fois. Pour la PR, une poule unique de 6 \u00e9quipes avec 10 matchs par saison, qui ce rencontrent 2 fois \/ an pour match aller et match retour.<\/p>\n<p>Chaque premier de poule monte en division sup\u00e9rieure tandis que chaque dernier descend en division inf\u00e9rieure.<\/p>\n<p>Les rencontres se d\u00e9roulent en 8 matchs pour les divisions PR &nbsp;\u00e0 &nbsp;D4 :<\/p>\n<ul>\n<li>2 simples Homme<\/li>\n<li>2 simples Dame<\/li>\n<li>1 double Homme<\/li>\n<li>1 double Dame<\/li>\n<li>2 doubles Mixtes<\/li>\n<\/ul>\n<p>Il est donc n\u00e9cessaire d&rsquo;avoir au minimum 3 hommes et 3 dames dans chaque \u00e9quipe.<\/p>\n<h4>Championnat&nbsp; d\u00e9partemental interclub Homme (ICh):<\/h4>\n<ul>\n<li>en D\u00e9partementale 1<\/li>\n<\/ul>\n<p>Le championnat se d\u00e9roule de Novembre \u00e0 Mai. On compte en Ille et Vilaine 3 divisions d\u00e9partementales.<\/p>\n<p>Chaque division est compos\u00e9e d&rsquo;une dizaine d&rsquo;\u00e9quipes.&nbsp;<\/p>\n<p>Les rencontres se d\u00e9roulent en 6 matchs :<\/p>\n<ul>\n<li>4 Simples<\/li>\n<li>2 Doubles<\/li>\n<\/ul>\n<p>Chaque joueur est autoris\u00e9 \u00e0 faire 2 matchs, chaque \u00e9quipe doit \u00eatre compos\u00e9e de 4 joueurs minimum<\/p>\nngg_shortcode_0_placeholder\n\n\n<h4 class=\"wp-block-heading\">Championnat&nbsp; d\u00e9partemental interclub Dame (ICd):<\/h4>\n\n\n\n<ul class=\"wp-block-list\">\n<li>en F\u00e9d\u00e9rale 2<\/li>\n<\/ul>\n\n\n\n<p>Le championnat se d\u00e9roule de Novembre \u00e0 Mai et compte environ 5 ou 6 rencontres annuelles. <\/p>\n\n\n\n<p><\/p>\n\n\n\n<p>Les rencontres se d\u00e9roulent en 4 matchs :<\/p>\n\n\n\n<ul class=\"wp-block-list\">\n<li>2 Simples<\/li>\n\n\n\n<li>2 Doubles<\/li>\n<\/ul>\n\n\n\n<p>Chaque joueuse est autoris\u00e9 \u00e0 faire 2 matchs, chaque \u00e9quipe doit \u00eatre compos\u00e9e de 3 joueuses minimum<\/p>\n\n\n\n<h4 class=\"wp-block-heading\">Championnat loisir<\/h4>\n\n\n\n<p>Le championnat se d\u00e9roule d\u2019octobre \u00e0 juin avec une rencontre par mois. <\/p>\n\n\n\n<p>Il comporte une poule unique compos\u00e9e de 10 clubs du 22 et 35 de la r\u00e9gion Rance &#8211; C\u00f4te d\u2019\u00c9meraude.<\/p>\n\n\n\n<p><br>Les rencontres comportent 1 double dame, 4 doubles mixtes et 4 doubles hommes.<br>Chaque \u00e9quipe comprend 4 joueuses et 3 joueurs qui effectuent chacun 3 matchs.<\/p>\n","protected":false},"excerpt":{"rendered":"<p>Championnat&nbsp; d\u00e9partemental interclub s\u00e9nior (ICs) &nbsp;: En Pr\u00e9- R\u00e9gional (PR35) En D\u00e9partementale 2 En D\u00e9partementale 5 Le championnat se d\u00e9roule de Novembre \u00e0 Mai. On compte en Ille et Vilaine 5 divisions d\u00e9partementales et 1 pr\u00e9-r\u00e9gionale. Chaque division est compos\u00e9e d&rsquo;au moins deux&nbsp;poules de 10 \u00e9quipes. Chaque \u00e9quipe d&rsquo;une poule se rencontre une seule fois. &hellip; <a href=\"http:\/\/www.cjfbadminton-stmalo.com\/?page_id=4\" class=\"more-link\">Continuer la lecture de <span class=\"screen-reader-text\">Championnat<\/span> <span class=\"meta-nav\">&rarr;<\/span><\/a><\/p>\n","protected":false},"author":1,"featured_media":0,"parent":0,"menu_order":2,"comment_status":"closed","ping_status":"open","template":"","meta":{"ngg_post_thumbnail":0,"footnotes":""},"class_list":["post-4","page","type-page","status-publish","hentry"],"_links":{"self":[{"href":"http:\/\/www.cjfbadminton-stmalo.com\/index.php?rest_route=\/wp\/v2\/pages\/4","targetHints":{"allow":["GET"]}}],"collection":[{"href":"http:\/\/www.cjfbadminton-stmalo.com\/index.php?rest_route=\/wp\/v2\/pages"}],"about":[{"href":"http:\/\/www.cjfbadminton-stmalo.com\/index.php?rest_route=\/wp\/v2\/types\/page"}],"author":[{"embeddable":true,"href":"http:\/\/www.cjfbadminton-stmalo.com\/index.php?rest_route=\/wp\/v2\/users\/1"}],"replies":[{"embeddable":true,"href":"http:\/\/www.cjfbadminton-stmalo.com\/index.php?rest_route=%2Fwp%2Fv2%2Fcomments&post=4"}],"version-history":[{"count":35,"href":"http:\/\/www.cjfbadminton-stmalo.com\/index.php?rest_route=\/wp\/v2\/pages\/4\/revisions"}],"predecessor-version":[{"id":3000,"href":"http:\/\/www.cjfbadminton-stmalo.com\/index.php?rest_route=\/wp\/v2\/pages\/4\/revisions\/3000"}],"wp:attachment":[{"href":"http:\/\/www.cjfbadminton-stmalo.com\/index.php?rest_route=%2Fwp%2Fv2%2Fmedia&parent=4"}],"curies":[{"name":"wp","href":"https:\/\/api.w.org\/{rel}","templated":true}]}}